{"id":1722,"date":"2023-12-19T11:43:29","date_gmt":"2023-12-19T11:43:29","guid":{"rendered":"https:\/\/parking.obcina-ankaran.si\/abbonamento\/"},"modified":"2026-01-20T08:43:00","modified_gmt":"2026-01-20T08:43:00","slug":"abbonamento","status":"publish","type":"page","link":"https:\/\/parking.obcina-ankaran.si\/it\/abbonamento\/","title":{"rendered":"Abbonamento"},"content":{"rendered":"<h1>Acquista abbonamento<\/h1>\n<p>L&#8217;acquisto dell&#8217;abbonamento consente di parcheggiare nei parcheggi pubblici, come da segnaletica. L&#8217;abbonamento <strong>non garantisce<\/strong> un posto auto libero.<\/p>\n<h2>Categoria di abbonamento<\/h2>\n<details id=\"e-n-accordion-item-8990\" >\n<summary data-accordion-index=\"1\" tabindex=\"0\" aria-expanded=\"false\" aria-controls=\"e-n-accordion-item-8990\" >\n\t\t\t\t\t Abbonamento A &#8211; residenti\/prezzo: 0,00 \u20ac<br \/>\n\t\t\t\t\t\t<\/summary>\n<p>Ogni cittadino con residenza permanente ad Ancarano pu\u00f2 ottenere un <strong>abbonamento A<\/strong> per qualsiasi autovettura o veicolo a motore fino a 3,5 t di massa complessiva, che non supera lo spazio debitamente contrassegnato ed assegnato ai parcheggi (i veicoli a motore fino a 3,5 t di massa complessiva, possono parcheggiare solo negli spazi appositamente designati), di cui \u00e8 proprietario o di cui \u00e8 in possesso di titolo comprovante il legittimo utilizzo del veicolo (ad es. contratto di leasing, certificato del datore di lavoro attestante che si tratta di un veicolo aziendale, ecc.). L&#8217;abbonamento A non \u00e8 valido per camper, veicoli con rimorchio e veicoli a motore fino a 3,5 t di massa complessiva che superano lo spazio assegnato. Alla domanda deve essere allegata una copia del libretto di circolazione.<\/p>\n<p>Il richiedente pu\u00f2 ottenere pi\u00f9 abbonamenti A, uno per ogni veicolo, a condizione che siano soddisfatte tutte le condizioni di cui sopra. L&#8217;abbonamento A \u00e8 gratuito ed \u00e8 valido 365 giorni a partire dalla data di acquisizione.<\/p>\n<\/details>\n<details id=\"e-n-accordion-item-8991\" >\n<summary data-accordion-index=\"2\" tabindex=\"-1\" aria-expanded=\"false\" aria-controls=\"e-n-accordion-item-8991\" >\n\t\t\t\t\t Abbonamento B &#8211; visitatori abituali\/prezzo: 240,00 \u20ac<br \/>\n\t\t\t\t\t\t<\/summary>\n<p><strong>L&#8217;abbonamento B<\/strong> pu\u00f2 essere acquistato da chiunque ed \u00e8 generalmente destinato a coloro che frequentano spesso il comune di Ancarano. L&#8217;acquisto \u00e8 subordinato al possesso di una patente di guida valida. Il richiedente pu\u00f2 ottenere pi\u00f9 abbonamenti B, uno per ogni veicolo, a condizione che siano soddisfatte tutte le condizioni di cui sopra. L&#8217;abbonamento B e valido 365 giorni a partire dalla data di acquisto.<\/p>\n<\/details>\n<details id=\"e-n-accordion-item-8992\" >\n<summary data-accordion-index=\"3\" tabindex=\"-1\" aria-expanded=\"false\" aria-controls=\"e-n-accordion-item-8992\" >\n\t\t\t\t\t Abbonamento C &#8211; visitatori\/prezzo: 30,00 \u20ac<br \/>\n\t\t\t\t\t\t<\/summary>\n<p><strong>L&#8217;abbonamento C<\/strong> pu\u00f2 essere acquistato da chiunque ed \u00e8 generalmente destinato a coloro che frequentano occasionalmente il comune di Ancarano. L&#8217;acquisto \u00e8 subordinato al possesso di una patente di guida valida. Il richiedente pu\u00f2 ottenere pi\u00f9 abbonamenti C, uno per ogni veicolo, a condizione che siano soddisfatte tutte le condizioni di cui sopra. L&#8217;abbonamento C \u00e8 valido 30 giorni a partire dalla data di acquisto.<\/p>\n<\/details>\n<details id=\"e-n-accordion-item-8993\" >\n<summary data-accordion-index=\"4\" tabindex=\"-1\" aria-expanded=\"false\" aria-controls=\"e-n-accordion-item-8993\" >\n\t\t\t\t\t Abbonamento D \u2013 dipendenti\/prezzo: 100,00 \u20ac o 12,50 \u20ac<br \/>\n\t\t\t\t\t\t<\/summary>\n<p><strong>L\u2019abbonamento D<\/strong> \u00e8 destinato a coloro che non hanno una residenza permanente ad Ancarano, ma lavorano ad Ancarano per un datore di lavoro con una sede, una filiale o un&#8217;unit\u00e0 ad Ancarano, possono ottenere un abbonamento D per qualsiasi autovettura di loro propriet\u00e0 o che utilizzano ufficialmente. Per ottenere l&#8217;abbonamento D \u00e8 necessario presentare una domanda. La domanda deve essere accompagnata da una copia della patente di guida e da un certificato del datore di lavoro che attesti l&#8217;instaurazione del rapporto di lavoro.<\/p>\n<p>Il richiedente pu\u00f2 ottenere pi\u00f9 abbonamenti D, uno per ogni veicolo, a condizione che siano soddisfatte tutte le condizioni di cui sopra. L&#8217;abbonamento D pu\u00f2 essere <strong>annuale o mensile<\/strong>. Quello annuale \u00e8 valido per 365 giorni dalla data di acquisto, mentre quello mensile dura 30 giorni dalla data di acquisto<\/p>\n<\/details>\n<details id=\"e-n-accordion-item-8994\" >\n<summary data-accordion-index=\"5\" tabindex=\"-1\" aria-expanded=\"false\" aria-controls=\"e-n-accordion-item-8994\" >\n\t\t\t\t\t Abbonamento G &#8211; ospiti\/prezzo: 300,00 \u20ac<br \/>\n\t\t\t\t\t\t<\/summary>\n<p><strong>L&#8217;abbonamento G<\/strong> pu\u00f2 essere ottenuto da un imprenditore autonomo o da una persona giuridica che abbia la sede legale o una filiale o un&#8217;unit\u00e0 nel comune di Ancarano e sia iscritta nel Registro degli esercizi ricettivi, che abbia lo status &#8220;attivo&#8221; nel Registro degli esercizi ricettivi durante il periodo di richiesta dell&#8217;abbonamento e che affitti un massimo di 5 unit\u00e0 indivisibili, dove per unit\u00e0 indivisibile si intende un appartamento, una stanza o una casa, che viene affittata come unit\u00e0 singola o come unit\u00e0 in affitto. Per ottenere l&#8217;abbonamento G \u00e8 necessario presentare una domanda. Il richiedente deve presentare un estratto del registro delle imprese (AJPES) al momento della presentazione della domanda, indicando il numero di abbonamenti desiderati, fino a un massimo del numero di unit\u00e0 turistiche.<\/p>\n<p>L&#8217;abbonamento G \u00e8 valido 365 giorni a partire dalla data di <strong>acquisto e pu\u00f2 essere acquistato solo per via elettronica tramite l&#8217;app Easypark<\/strong>.<\/p>\n<\/details>\n<p>Ogni cittadino con residenza permanente ad Ancarano pu\u00f2 ottenere un <strong>abbonamento A<\/strong> per qualsiasi autovettura o veicolo a motore fino a 3,5 t di massa complessiva, che non supera lo spazio debitamente contrassegnato ed assegnato ai parcheggi (i veicoli a motore fino a 3,5 t di massa complessiva, possono parcheggiare solo negli spazi appositamente designati), di cui \u00e8 proprietario o di cui \u00e8 in possesso di titolo comprovante il legittimo utilizzo del veicolo (ad es. contratto di leasing, certificato del datore di lavoro attestante che si tratta di un veicolo aziendale, ecc.). L&#8217;abbonamento A non \u00e8 valido per camper, veicoli con rimorchio e veicoli a motore fino a 3,5 t di massa complessiva che superano lo spazio assegnato. Alla domanda deve essere allegata una copia del libretto di circolazione.<\/p>\n<p>Il richiedente pu\u00f2 ottenere pi\u00f9 abbonamenti A, uno per ogni veicolo, a condizione che siano soddisfatte tutte le condizioni di cui sopra. L&#8217;abbonamento A \u00e8 gratuito ed \u00e8 valido 365 giorni a partire dalla data di acquisizione.<\/p>\n<p><strong>L&#8217;abbonamento B<\/strong> pu\u00f2 essere acquistato da chiunque ed \u00e8 generalmente destinato a coloro che frequentano spesso il comune di Ancarano. L&#8217;acquisto \u00e8 subordinato al possesso di una patente di guida valida. Il richiedente pu\u00f2 ottenere pi\u00f9 abbonamenti B, uno per ogni veicolo, a condizione che siano soddisfatte tutte le condizioni di cui sopra. L&#8217;abbonamento B e valido 365 giorni a partire dalla data di acquisto.<\/p>\n<p><strong>L&#8217;abbonamento C<\/strong> pu\u00f2 essere acquistato da chiunque ed \u00e8 generalmente destinato a coloro che frequentano occasionalmente il comune di Ancarano. L&#8217;acquisto \u00e8 subordinato al possesso di una patente di guida valida. Il richiedente pu\u00f2 ottenere pi\u00f9 abbonamenti C, uno per ogni veicolo, a condizione che siano soddisfatte tutte le condizioni di cui sopra. L&#8217;abbonamento C \u00e8 valido 30 giorni a partire dalla data di acquisto.<\/p>\n<p><strong>L\u2019abbonamento D<\/strong> \u00e8 destinato a coloro che non hanno una residenza permanente ad Ancarano, ma lavorano ad Ancarano per un datore di lavoro con una sede, una filiale o un&#8217;unit\u00e0 ad Ancarano, possono ottenere un abbonamento D per qualsiasi autovettura di loro propriet\u00e0 o che utilizzano ufficialmente. Per ottenere l&#8217;abbonamento D \u00e8 necessario presentare una domanda. La domanda deve essere accompagnata da una copia della patente di guida e da un certificato del datore di lavoro che attesti l&#8217;instaurazione del rapporto di lavoro.<\/p>\n<p>Il richiedente pu\u00f2 ottenere pi\u00f9 abbonamenti D, uno per ogni veicolo, a condizione che siano soddisfatte tutte le condizioni di cui sopra. L&#8217;abbonamento D pu\u00f2 essere <strong>annuale o mensile<\/strong>. Quello annuale \u00e8 valido per 365 giorni dalla data di acquisto, mentre quello mensile dura 30 giorni dalla data di acquisto<\/p>\n<p><strong>L&#8217;abbonamento G<\/strong> pu\u00f2 essere ottenuto da un imprenditore autonomo o da una persona giuridica che abbia la sede legale o una filiale o un&#8217;unit\u00e0 nel comune di Ancarano e sia iscritta nel Registro degli esercizi ricettivi, che abbia lo status &#8220;attivo&#8221; nel Registro degli esercizi ricettivi durante il periodo di richiesta dell&#8217;abbonamento e che affitti un massimo di 5 unit\u00e0 indivisibili, dove per unit\u00e0 indivisibile si intende un appartamento, una stanza o una casa, che viene affittata come unit\u00e0 singola o come unit\u00e0 in affitto. Per ottenere l&#8217;abbonamento G \u00e8 necessario presentare una domanda. Il richiedente deve presentare un estratto del registro delle imprese (AJPES) al momento della presentazione della domanda, indicando il numero di abbonamenti desiderati, fino a un massimo del numero di unit\u00e0 turistiche.<\/p>\n<p>L&#8217;abbonamento G \u00e8 valido 365 giorni a partire dalla data di <strong>acquisto e pu\u00f2 essere acquistato solo per via elettronica tramite l&#8217;app Easypark<\/strong>.<\/p>\n<p>\u00c8 possibile ottenere un <strong>abbonamento A o D<\/strong> compilando la domanda online con gli allegati richiesti (vedi sotto). Dopo l&#8217;approvazione della domanda, il beneficiario ricever\u00e0 le istruzioni per l&#8217;acquisto e l&#8217;attivazione dell&#8217;abbonamento nel sistema Easypark. Il pagamento pu\u00f2 essere effettuato con carta di credito o Paypal.<\/p>\n<p><strong>Gli abbonamenti B e C<\/strong> sono disponibili tramite l&#8217;app Easypark, non \u00e8 necessario presentare domanda.<\/p>\n<p><b>Abonma G<\/b> pu\u00f2 essere ottenuto presentando una domanda in formato elettronico o fisico. \u00c8 attivabile solo con l&#8217;applicazione EasyPark.<\/p>\n<p>\u00c8 possibile acquistare gli abbonamenti anche di persona al punto vendita del gestore presso <a href=\"https:\/\/maps.app.goo.gl\/UW3zBgZopV1nEaZHA\" target=\"_blank\" rel=\"noopener\">l\u2019UIT di Ancarano.<\/a><b>\u00a0<\/b>\u00a0Si prega di portare con s\u00e9 la domanda compilata e i relativi allegati obbligatori (vedi sotto). \u00c8 possibile acquistare l\u2019abbonamento anche in contanti.<\/p>\n<p><strong>Certificati:<\/strong><\/p>\n<ul>\n<li><a href=\"https:\/\/parking.obcina-ankaran.si\/wp-content\/uploads\/Priloga_3_Potrdilo-delodajalca_OA_ac-ita.pdf\" target=\"_blank\" rel=\"noopener\">Certificato del datore di lavoro sul rapporto di lavoro<\/a><\/li>\n<\/ul>\n<p>\t\t\t\t\t<a href=\"\"><br \/>\n\t\t\t\t\t\t\t\t\tRinnovo degli Abbonamenti A &#8211; residenti<br \/>\n\t\t\t\t\t<\/a><br \/>\n\t\t\t\t\t<a href=\"https:\/\/parking.obcina-ankaran.si\/wp-content\/uploads\/tabela-abonmaji-it.pdf\" target=\"_blank\"><br \/>\n\t\t\t\t\t\t\t\t\tElenco dei parcheggi con abbonamento<br \/>\n\t\t\t\t\t<\/a><\/p>\n<h2>Domanda per l&#8217;ottenimento\/acquisto abbonamento per il parcheggio nel Comune di Ancarano<\/h2>\n<p>Fate domanda <strong>online<\/strong> oppure s<strong>caricate e compilate il modulo in cartaceo. <a href=\"https:\/\/parking.obcina-ankaran.si\/wp-content\/uploads\/Vloga-za-nakup_varstvo-podatkov_ITA.pdf\" target=\"_blank\" rel=\"noopener\">Scarica<\/a>.<\/strong> <\/p>\n","protected":false},"excerpt":{"rendered":"<p>Acquista abbonamento L&#8217;acquisto dell&#8217;abbonamento consente di parcheggiare nei parcheggi pubblici, come da segnaletica. L&#8217;abbonamento non garantisce un posto auto libero. Categoria di abbonamento Abbonamento A &#8211; residenti\/prezzo: 0,00 \u20ac Ogni cittadino con residenza permanente ad Ancarano pu\u00f2 ottenere un abbonamento A per qualsiasi autovettura o veicolo a motore fino a 3,5 t di massa complessiva, [&hellip;]<\/p>\n","protected":false},"author":16,"featured_media":0,"parent":0,"menu_order":0,"comment_status":"closed","ping_status":"closed","template":"","meta":{"footnotes":""},"class_list":["post-1722","page","type-page","status-publish","hentry"],"yoast_head":"<!-- This site is optimized with the Yoast SEO plugin v26.5 - https:\/\/yoast.com\/wordpress\/plugins\/seo\/ -->\n<title>Acquisto Abbonamento - Parcheggio Ancarano<\/title>\n<meta name=\"description\" content=\"Acquisto di vari tipi di abbonamenti per parcheggi pubblici ad Ancarano, con l&#039;opzione di registrazione e pagamento elettronico o di persona.\" \/>\n<meta name=\"robots\" content=\"index, follow, max-snippet:-1, max-image-preview:large, max-video-preview:-1\" \/>\n<link rel=\"canonical\" href=\"https:\/\/parking.obcina-ankaran.si\/it\/abbonamento\/\" \/>\n<meta property=\"og:locale\" content=\"it_IT\" \/>\n<meta property=\"og:type\" content=\"article\" \/>\n<meta property=\"og:title\" content=\"Acquisto Abbonamento - Parcheggio Ancarano\" \/>\n<meta property=\"og:description\" content=\"Acquisto di vari tipi di abbonamenti per parcheggi pubblici ad Ancarano, con l&#039;opzione di registrazione e pagamento elettronico o di persona.\" \/>\n<meta property=\"og:url\" content=\"https:\/\/parking.obcina-ankaran.si\/it\/abbonamento\/\" \/>\n<meta property=\"og:site_name\" content=\"Parking Ankaran\" \/>\n<meta property=\"article:modified_time\" content=\"2026-01-20T08:43:00+00:00\" \/>\n<meta name=\"twitter:card\" content=\"summary_large_image\" \/>\n<meta name=\"twitter:label1\" content=\"Tempo di lettura stimato\" \/>\n\t<meta name=\"twitter:data1\" content=\"8 minuti\" \/>\n<script type=\"application\/ld+json\" class=\"yoast-schema-graph\">{\"@context\":\"https:\/\/schema.org\",\"@graph\":[{\"@type\":\"WebPage\",\"@id\":\"https:\/\/parking.obcina-ankaran.si\/it\/abbonamento\/\",\"url\":\"https:\/\/parking.obcina-ankaran.si\/it\/abbonamento\/\",\"name\":\"Acquisto Abbonamento - Parcheggio Ancarano\",\"isPartOf\":{\"@id\":\"https:\/\/parking.obcina-ankaran.si\/it\/#website\"},\"datePublished\":\"2023-12-19T11:43:29+00:00\",\"dateModified\":\"2026-01-20T08:43:00+00:00\",\"description\":\"Acquisto di vari tipi di abbonamenti per parcheggi pubblici ad Ancarano, con l'opzione di registrazione e pagamento elettronico o di persona.\",\"breadcrumb\":{\"@id\":\"https:\/\/parking.obcina-ankaran.si\/it\/abbonamento\/#breadcrumb\"},\"inLanguage\":\"it-IT\",\"potentialAction\":[{\"@type\":\"ReadAction\",\"target\":[\"https:\/\/parking.obcina-ankaran.si\/it\/abbonamento\/\"]}]},{\"@type\":\"BreadcrumbList\",\"@id\":\"https:\/\/parking.obcina-ankaran.si\/it\/abbonamento\/#breadcrumb\",\"itemListElement\":[{\"@type\":\"ListItem\",\"position\":1,\"name\":\"Home\",\"item\":\"https:\/\/parking.obcina-ankaran.si\/it\/\"},{\"@type\":\"ListItem\",\"position\":2,\"name\":\"Abbonamento\"}]},{\"@type\":\"WebSite\",\"@id\":\"https:\/\/parking.obcina-ankaran.si\/it\/#website\",\"url\":\"https:\/\/parking.obcina-ankaran.si\/it\/\",\"name\":\"Parking Ankaran\",\"description\":\"Custom page template (option fields, packages, rooms)\",\"publisher\":{\"@id\":\"https:\/\/parking.obcina-ankaran.si\/it\/#organization\"},\"potentialAction\":[{\"@type\":\"SearchAction\",\"target\":{\"@type\":\"EntryPoint\",\"urlTemplate\":\"https:\/\/parking.obcina-ankaran.si\/it\/?s={search_term_string}\"},\"query-input\":{\"@type\":\"PropertyValueSpecification\",\"valueRequired\":true,\"valueName\":\"search_term_string\"}}],\"inLanguage\":\"it-IT\"},{\"@type\":\"Organization\",\"@id\":\"https:\/\/parking.obcina-ankaran.si\/it\/#organization\",\"name\":\"Parking Ankaran\",\"url\":\"https:\/\/parking.obcina-ankaran.si\/it\/\",\"logo\":{\"@type\":\"ImageObject\",\"inLanguage\":\"it-IT\",\"@id\":\"https:\/\/parking.obcina-ankaran.si\/it\/#\/schema\/logo\/image\/\",\"url\":\"https:\/\/parking.obcina-ankaran.si\/wp-content\/uploads\/oa-logo.png\",\"contentUrl\":\"https:\/\/parking.obcina-ankaran.si\/wp-content\/uploads\/oa-logo.png\",\"width\":400,\"height\":110,\"caption\":\"Parking Ankaran\"},\"image\":{\"@id\":\"https:\/\/parking.obcina-ankaran.si\/it\/#\/schema\/logo\/image\/\"}}]}<\/script>\n<!-- \/ Yoast SEO plugin. -->","yoast_head_json":{"title":"Acquisto Abbonamento - Parcheggio Ancarano","description":"Acquisto di vari tipi di abbonamenti per parcheggi pubblici ad Ancarano, con l'opzione di registrazione e pagamento elettronico o di persona.","robots":{"index":"index","follow":"follow","max-snippet":"max-snippet:-1","max-image-preview":"max-image-preview:large","max-video-preview":"max-video-preview:-1"},"canonical":"https:\/\/parking.obcina-ankaran.si\/it\/abbonamento\/","og_locale":"it_IT","og_type":"article","og_title":"Acquisto Abbonamento - Parcheggio Ancarano","og_description":"Acquisto di vari tipi di abbonamenti per parcheggi pubblici ad Ancarano, con l'opzione di registrazione e pagamento elettronico o di persona.","og_url":"https:\/\/parking.obcina-ankaran.si\/it\/abbonamento\/","og_site_name":"Parking Ankaran","article_modified_time":"2026-01-20T08:43:00+00:00","twitter_card":"summary_large_image","twitter_misc":{"Tempo di lettura stimato":"8 minuti"},"schema":{"@context":"https:\/\/schema.org","@graph":[{"@type":"WebPage","@id":"https:\/\/parking.obcina-ankaran.si\/it\/abbonamento\/","url":"https:\/\/parking.obcina-ankaran.si\/it\/abbonamento\/","name":"Acquisto Abbonamento - Parcheggio Ancarano","isPartOf":{"@id":"https:\/\/parking.obcina-ankaran.si\/it\/#website"},"datePublished":"2023-12-19T11:43:29+00:00","dateModified":"2026-01-20T08:43:00+00:00","description":"Acquisto di vari tipi di abbonamenti per parcheggi pubblici ad Ancarano, con l'opzione di registrazione e pagamento elettronico o di persona.","breadcrumb":{"@id":"https:\/\/parking.obcina-ankaran.si\/it\/abbonamento\/#breadcrumb"},"inLanguage":"it-IT","potentialAction":[{"@type":"ReadAction","target":["https:\/\/parking.obcina-ankaran.si\/it\/abbonamento\/"]}]},{"@type":"BreadcrumbList","@id":"https:\/\/parking.obcina-ankaran.si\/it\/abbonamento\/#breadcrumb","itemListElement":[{"@type":"ListItem","position":1,"name":"Home","item":"https:\/\/parking.obcina-ankaran.si\/it\/"},{"@type":"ListItem","position":2,"name":"Abbonamento"}]},{"@type":"WebSite","@id":"https:\/\/parking.obcina-ankaran.si\/it\/#website","url":"https:\/\/parking.obcina-ankaran.si\/it\/","name":"Parking Ankaran","description":"Custom page template (option fields, packages, rooms)","publisher":{"@id":"https:\/\/parking.obcina-ankaran.si\/it\/#organization"},"potentialAction":[{"@type":"SearchAction","target":{"@type":"EntryPoint","urlTemplate":"https:\/\/parking.obcina-ankaran.si\/it\/?s={search_term_string}"},"query-input":{"@type":"PropertyValueSpecification","valueRequired":true,"valueName":"search_term_string"}}],"inLanguage":"it-IT"},{"@type":"Organization","@id":"https:\/\/parking.obcina-ankaran.si\/it\/#organization","name":"Parking Ankaran","url":"https:\/\/parking.obcina-ankaran.si\/it\/","logo":{"@type":"ImageObject","inLanguage":"it-IT","@id":"https:\/\/parking.obcina-ankaran.si\/it\/#\/schema\/logo\/image\/","url":"https:\/\/parking.obcina-ankaran.si\/wp-content\/uploads\/oa-logo.png","contentUrl":"https:\/\/parking.obcina-ankaran.si\/wp-content\/uploads\/oa-logo.png","width":400,"height":110,"caption":"Parking Ankaran"},"image":{"@id":"https:\/\/parking.obcina-ankaran.si\/it\/#\/schema\/logo\/image\/"}}]}},"_links":{"self":[{"href":"https:\/\/parking.obcina-ankaran.si\/it\/wp-json\/wp\/v2\/pages\/1722","targetHints":{"allow":["GET"]}}],"collection":[{"href":"https:\/\/parking.obcina-ankaran.si\/it\/wp-json\/wp\/v2\/pages"}],"about":[{"href":"https:\/\/parking.obcina-ankaran.si\/it\/wp-json\/wp\/v2\/types\/page"}],"author":[{"embeddable":true,"href":"https:\/\/parking.obcina-ankaran.si\/it\/wp-json\/wp\/v2\/users\/16"}],"replies":[{"embeddable":true,"href":"https:\/\/parking.obcina-ankaran.si\/it\/wp-json\/wp\/v2\/comments?post=1722"}],"version-history":[{"count":69,"href":"https:\/\/parking.obcina-ankaran.si\/it\/wp-json\/wp\/v2\/pages\/1722\/revisions"}],"predecessor-version":[{"id":2863,"href":"https:\/\/parking.obcina-ankaran.si\/it\/wp-json\/wp\/v2\/pages\/1722\/revisions\/2863"}],"wp:attachment":[{"href":"https:\/\/parking.obcina-ankaran.si\/it\/wp-json\/wp\/v2\/media?parent=1722"}],"curies":[{"name":"wp","href":"https:\/\/api.w.org\/{rel}","templated":true}]}}